{"id":41,"date":"2024-03-26T15:24:54","date_gmt":"2024-03-26T15:24:54","guid":{"rendered":"https:\/\/demo.bravisthemes.com\/fixera\/?page_id=41"},"modified":"2026-03-16T12:47:42","modified_gmt":"2026-03-16T12:47:42","slug":"contacto","status":"publish","type":"page","link":"https:\/\/electricidadmarcosmorales.com\/en\/contacto\/","title":{"rendered":"Contacto"},"content":{"rendered":"<div data-elementor-type=\"wp-page\" data-elementor-id=\"41\" class=\"elementor elementor-41\">\n\t\t\t\t        <section class=\"elementor-section elementor-top-section elementor-element elementor-element-797e029 elementor-section-boxed elementor-section-height-default elementor-section-height-default pxl-type-header-none pxl-row-scroll-none\" data-id=\"797e029\" data-element_type=\"section\" data-e-type=\"section\" data-settings=\"{&quot;background_background&quot;:&quot;classic&quot;}\">\n\n                \n                <div class=\"elementor-container elementor-column-gap-extended\">\n                <div class=\"elementor-column elementor-col-33 elementor-top-column elementor-element elementor-element-abb1a41 pxl-column-element-default pxl-column-none pxl-column-overflow-hidden-no\" data-id=\"abb1a41\" data-element_type=\"column\" data-e-type=\"column\">\r\n        <div class=\"elementor-widget-wrap elementor-element-populated\">\r\n                     \r\n        \t\t<div class=\"elementor-element elementor-element-277c8a2 elementor-widget elementor-widget-pxl_getintouch\" data-id=\"277c8a2\" data-element_type=\"widget\" data-e-type=\"widget\" data-widget_type=\"pxl_getintouch.default\">\n\t\t\t\t<div class=\"elementor-widget-container\">\n\t\t\t\t\t<div class=\"pxl-getintouch1\" data-wow-delay=\"ms\">\r\n        <div class=\"pxl-box-content\">\r\n                            <div class=\"pxl-item--icon icon-right-from-Left\">\r\n                <a href=\"#\">                    <img decoding=\"async\" width=\"45\" height=\"41\" src=\"https:\/\/electricidadmarcosmorales.com\/wp-content\/uploads\/2024\/03\/Group-email.png\" class=\"attachment-full\" alt=\"Email\" \/>                <\/a>            <\/div>\r\n                            <label class=\"pxl-title-box\">\r\n                Email            <\/label>\r\n                            <ul class=\"list-info\">\r\n                                        <li class=\"item-info\">\r\n                            <a href=\"mailto:info@electricidadmarcosmorales.com\">                                                                    <span class=\"pxl-text\">info@electricidadmarcosmorales.com<\/span>\r\n                                                            <\/a>                        <\/li>\r\n                            <\/ul>\r\n            <\/div>\r\n<\/div>\r\n\t\t\t\t<\/div>\n\t\t\t\t<\/div>\n\t\t            <\/div>\r\n        <\/div>\r\n                <div class=\"elementor-column elementor-col-33 elementor-top-column elementor-element elementor-element-61c8c5a pxl-column-element-default pxl-column-none pxl-column-overflow-hidden-no\" data-id=\"61c8c5a\" data-element_type=\"column\" data-e-type=\"column\">\r\n        <div class=\"elementor-widget-wrap elementor-element-populated\">\r\n                     \r\n        \t\t<div class=\"elementor-element elementor-element-8b5c5ef elementor-widget elementor-widget-pxl_getintouch\" data-id=\"8b5c5ef\" data-element_type=\"widget\" data-e-type=\"widget\" data-widget_type=\"pxl_getintouch.default\">\n\t\t\t\t<div class=\"elementor-widget-container\">\n\t\t\t\t\t<div class=\"pxl-getintouch1\" data-wow-delay=\"ms\">\r\n        <div class=\"pxl-box-content\">\r\n                            <div class=\"pxl-item--icon icon-bounce-right\">\r\n                <a href=\"#\">                    <img decoding=\"async\" width=\"35\" height=\"41\" src=\"https:\/\/electricidadmarcosmorales.com\/wp-content\/uploads\/2024\/03\/Group-phone.png\" class=\"attachment-full\" alt=\"Tel\u00e9fono\" \/>                <\/a>            <\/div>\r\n                            <label class=\"pxl-title-box\">\r\n                Tel\u00e9fono            <\/label>\r\n                            <ul class=\"list-info\">\r\n                                        <li class=\"item-info\">\r\n                            <a href=\"tel:34622750074\">                                                                    <span class=\"pxl-text\">+34 622 75 00 74<\/span>\r\n                                                            <\/a>                        <\/li>\r\n                            <\/ul>\r\n            <\/div>\r\n<\/div>\r\n\t\t\t\t<\/div>\n\t\t\t\t<\/div>\n\t\t            <\/div>\r\n        <\/div>\r\n                <div class=\"elementor-column elementor-col-33 elementor-top-column elementor-element elementor-element-9794f01 pxl-column-element-default pxl-column-none pxl-column-overflow-hidden-no\" data-id=\"9794f01\" data-element_type=\"column\" data-e-type=\"column\">\r\n        <div class=\"elementor-widget-wrap elementor-element-populated\">\r\n                     \r\n        \t\t<div class=\"elementor-element elementor-element-9104994 elementor-widget elementor-widget-pxl_getintouch\" data-id=\"9104994\" data-element_type=\"widget\" data-e-type=\"widget\" data-widget_type=\"pxl_getintouch.default\">\n\t\t\t\t<div class=\"elementor-widget-container\">\n\t\t\t\t\t<div class=\"pxl-getintouch1\" data-wow-delay=\"ms\">\r\n        <div class=\"pxl-box-content\">\r\n                            <div class=\"pxl-item--icon icon-Scale-Delay\">\r\n                <a href=\"#\">                    <img decoding=\"async\" width=\"41\" height=\"41\" src=\"https:\/\/electricidadmarcosmorales.com\/wp-content\/uploads\/2024\/03\/Group-map.png\" class=\"attachment-full\" alt=\"Ubicaci\u00f3n\" \/>                <\/a>            <\/div>\r\n                            <label class=\"pxl-title-box\">\r\n                Ubicaci\u00f3n            <\/label>\r\n                            <ul class=\"list-info\">\r\n                                        <li class=\"item-info\">\r\n                                                                                                <span class=\"pxl-text\">C\/ Concordia, 71 - Torrevieja (Alicante)<\/span>\r\n                                                                                    <\/li>\r\n                            <\/ul>\r\n            <\/div>\r\n<\/div>\r\n\t\t\t\t<\/div>\n\t\t\t\t<\/div>\n\t\t            <\/div>\r\n        <\/div>\r\n        \t\t\t<\/div>\n\t\t<\/section>\n\t\t        <section class=\"elementor-section elementor-top-section elementor-element elementor-element-9143f6d elementor-section-boxed elementor-section-height-default elementor-section-height-default pxl-type-header-none pxl-row-scroll-none\" data-id=\"9143f6d\" data-element_type=\"section\" data-e-type=\"section\" data-settings=\"{&quot;background_background&quot;:&quot;classic&quot;}\">\n\n                \n                <div class=\"elementor-container elementor-column-gap-extended\">\n                <div class=\"elementor-column elementor-col-100 elementor-top-column elementor-element elementor-element-ef4bcef pxl-column-element-default pxl-column-none pxl-column-overflow-hidden-no\" data-id=\"ef4bcef\" data-element_type=\"column\" data-e-type=\"column\">\r\n        <div class=\"elementor-widget-wrap elementor-element-populated\">\r\n                     \r\n        \t\t<div class=\"elementor-element elementor-element-5e96af5 elementor-widget elementor-widget-google_maps\" data-id=\"5e96af5\" data-element_type=\"widget\" data-e-type=\"widget\" data-widget_type=\"google_maps.default\">\n\t\t\t\t<div class=\"elementor-widget-container\">\n\t\t\t\t\t\t\t<div class=\"elementor-custom-embed\">\n\t\t\t<iframe loading=\"lazy\"\n\t\t\t\t\tsrc=\"https:\/\/maps.google.com\/maps?q=C%2F%20Concordia%2C%2071%20-%20Torrevieja%20%28Alicante%29&#038;t=m&#038;z=15&#038;output=embed&#038;iwloc=near\"\n\t\t\t\t\ttitle=\"C\/ Concordia, 71 - Torrevieja (Alicante)\"\n\t\t\t\t\taria-label=\"C\/ Concordia, 71 - Torrevieja (Alicante)\"\n\t\t\t><\/iframe>\n\t\t<\/div>\n\t\t\t\t\t\t<\/div>\n\t\t\t\t<\/div>\n\t\t            <\/div>\r\n        <\/div>\r\n        \t\t\t<\/div>\n\t\t<\/section>\n\t\t        <section class=\"elementor-section elementor-top-section elementor-element elementor-element-ddd16b9 elementor-section-boxed elementor-section-height-default elementor-section-height-default pxl-type-header-none pxl-row-scroll-none\" data-id=\"ddd16b9\" data-element_type=\"section\" data-e-type=\"section\" data-settings=\"{&quot;background_background&quot;:&quot;classic&quot;}\">\n\n                \n                <div class=\"elementor-container elementor-column-gap-extended\">\n                <div class=\"elementor-column elementor-col-50 elementor-top-column elementor-element elementor-element-16d29df pxl-column-element-default pxl-column-none pxl-column-overflow-hidden-no\" data-id=\"16d29df\" data-element_type=\"column\" data-e-type=\"column\">\r\n        <div class=\"elementor-widget-wrap elementor-element-populated\">\r\n                     \r\n        \t\t<div class=\"elementor-element elementor-element-92a344b elementor-widget elementor-widget-pxl_button\" data-id=\"92a344b\" data-element_type=\"widget\" data-e-type=\"widget\" data-widget_type=\"pxl_button.default\">\n\t\t\t\t<div class=\"elementor-widget-container\">\n\t\t\t\t\t<div class=\"pxl-button\">\r\n    <a class=\"btn  btn-default  pxl-icon--right\" href=\"#\" data-wow-delay=\"ms\">\r\n                <span class=\"pxl--btn-text\" data-text=\"ESCR\u00cdBENOS\">\r\n            ESCR\u00cdBENOS        <\/span>\r\n    <\/a>\r\n<\/div>\t\t\t\t<\/div>\n\t\t\t\t<\/div>\n\t\t\t\t<div class=\"elementor-element elementor-element-243d81e elementor-widget elementor-widget-pxl_heading\" data-id=\"243d81e\" data-element_type=\"widget\" data-e-type=\"widget\" data-widget_type=\"pxl_heading.default\">\n\t\t\t\t<div class=\"elementor-widget-container\">\n\t\t\t\t\t<div class=\"pxl-heading\">\n\t<div class=\"pxl-heading--inner\">\n\t\t\t\t<h2 class=\"pxl-item--title\" data-wow-delay=\"ms\">\n\t\t\tCons\u00faltanos sin compromiso\t\t\n\t\t<\/h2>\n\t\t\t<\/div>\n<\/div>\t\t\t\t<\/div>\n\t\t\t\t<\/div>\n\t\t            <\/div>\r\n        <\/div>\r\n                <div class=\"elementor-column elementor-col-50 elementor-top-column elementor-element elementor-element-da2a0a5 pxl-column-element-default pxl-column-none pxl-column-overflow-hidden-no\" data-id=\"da2a0a5\" data-element_type=\"column\" data-e-type=\"column\">\r\n        <div class=\"elementor-widget-wrap elementor-element-populated\">\r\n                     \r\n        \t\t<div class=\"elementor-element elementor-element-2177aad elementor-widget elementor-widget-pxl_contact_form\" data-id=\"2177aad\" data-element_type=\"widget\" data-e-type=\"widget\" data-widget_type=\"pxl_contact_form.default\">\n\t\t\t\t<div class=\"elementor-widget-container\">\n\t\t\t\t\t    <div class=\"pxl-contact-form pxl-contact-form1 btn-default btn-w-auto\" data-wow-delay=\"ms\">\r\n        \n<div class=\"wpcf7 no-js\" id=\"wpcf7-f615-o1\" lang=\"en-US\" dir=\"ltr\" data-wpcf7-id=\"615\">\n<div class=\"screen-reader-response\"><p role=\"status\" aria-live=\"polite\" aria-atomic=\"true\"><\/p> <ul><\/ul><\/div>\n<form action=\"\/en\/wp-json\/wp\/v2\/pages\/41#wpcf7-f615-o1\" method=\"post\" class=\"wpcf7-form init\" aria-label=\"Contact form\" novalidate=\"novalidate\" data-status=\"init\" data-trp-original-action=\"\/en\/wp-json\/wp\/v2\/pages\/41#wpcf7-f615-o1\">\n<fieldset class=\"hidden-fields-container\"><input type=\"hidden\" name=\"_wpcf7\" value=\"615\" \/><input type=\"hidden\" name=\"_wpcf7_version\" value=\"6.1.5\" \/><input type=\"hidden\" name=\"_wpcf7_locale\" value=\"en_US\" \/><input type=\"hidden\" name=\"_wpcf7_unit_tag\" value=\"wpcf7-f615-o1\" \/><input type=\"hidden\" name=\"_wpcf7_container_post\" value=\"0\" \/><input type=\"hidden\" name=\"_wpcf7_posted_data_hash\" value=\"\" \/><input type=\"hidden\" name=\"_wpcf7_recaptcha_response\" value=\"\" \/>\n<\/fieldset>\n<div class=\"wp-row-ctf7\">\n\t<div class=\"row input-contact\">\n\t\t<div class=\"col-xl-6 col-lg-6 col-md-6 col-sm-12\">\n\t\t\t<div class=\"input-filled\">\n\t\t\t\t<p><span class=\"wpcf7-form-control-wrap\" data-name=\"your-name\"><input size=\"40\" maxlength=\"400\" class=\"wpcf7-form-control wpcf7-text wpcf7-validates-as-required\" autocomplete=\"name\" aria-required=\"true\" aria-invalid=\"false\" placeholder=\"Nombre*\" value=\"\" type=\"text\" name=\"your-name\" \/><\/span>\n\t\t\t\t<\/p>\n\t\t\t<\/div>\n\t\t<\/div>\n\t\t<div class=\"col-xl-6 col-lg-6 col-md-6 col-sm-12\">\n\t\t\t<div class=\"input-filled\">\n\t\t\t\t<p><span class=\"wpcf7-form-control-wrap\" data-name=\"your-email\"><input size=\"40\" maxlength=\"400\" class=\"wpcf7-form-control wpcf7-email wpcf7-validates-as-required wpcf7-text wpcf7-validates-as-email\" autocomplete=\"email\" aria-required=\"true\" aria-invalid=\"false\" placeholder=\"Email*\" value=\"\" type=\"email\" name=\"your-email\" \/><\/span>\n\t\t\t\t<\/p>\n\t\t\t<\/div>\n\t\t<\/div>\n\t\t<div class=\"col-xl-6 col-lg-6 col-md-6 col-sm-12\">\n\t\t\t<div class=\"input-filled\">\n\t\t\t\t<p><span class=\"wpcf7-form-control-wrap\" data-name=\"your-phone\"><input size=\"40\" maxlength=\"400\" class=\"wpcf7-form-control wpcf7-text wpcf7-validates-as-required\" aria-required=\"true\" aria-invalid=\"false\" placeholder=\"Tel\u00e9fono*\" value=\"\" type=\"text\" name=\"your-phone\" \/><\/span>\n\t\t\t\t<\/p>\n\t\t\t<\/div>\n\t\t<\/div>\n\t\t<div class=\"col-xl-6 col-lg-6 col-md-6 col-sm-12\">\n\t\t\t<div class=\"input-filled\">\n\t\t\t\t<p><span class=\"wpcf7-form-control-wrap\" data-name=\"text-664\"><input size=\"40\" maxlength=\"400\" class=\"wpcf7-form-control wpcf7-text wpcf7-validates-as-required\" aria-required=\"true\" aria-invalid=\"false\" placeholder=\"Asunto*\" value=\"\" type=\"text\" name=\"text-664\" \/><\/span>\n\t\t\t\t<\/p>\n\t\t\t<\/div>\n\t\t<\/div>\n\t\t<div class=\"col-xl-12 col-lg-12 col-md-12 col-sm-12\">\n\t\t\t<div class=\"input-filled\">\n\t\t\t\t<p><span class=\"wpcf7-form-control-wrap\" data-name=\"textarea-571\"><textarea cols=\"40\" rows=\"10\" maxlength=\"2000\" class=\"wpcf7-form-control wpcf7-textarea\" aria-invalid=\"false\" placeholder=\"Mensaje\" name=\"textarea-571\"><\/textarea><\/span>\n\t\t\t\t<\/p>\n\t\t\t<\/div>\n\t\t\t<div class=\"input-filled input-filled-btn\">\n\t\t\t\t<p><span class=\"wpcf7-form-control-wrap\" data-name=\"rgpd\"><span class=\"wpcf7-form-control wpcf7-acceptance\"><span class=\"wpcf7-list-item\"><label><input type=\"checkbox\" name=\"rgpd\" value=\"1\" aria-invalid=\"false\" \/><span class=\"wpcf7-list-item-label\">He le\u00eddo y estoy de acuerdo con la <a href=\"\/en\/politica-de-privacidad\/\" target=\"_blank\">Pol\u00edtica de privacidad<\/a>.<\/span><\/label><\/span><\/span><\/span><br \/>\n<button class=\"wpcf7-submit\" type=\"submit\"><span>Enviar<\/span><\/button>\n\t\t\t\t<\/p>\n\t\t\t<\/div>\n\t\t<\/div>\n\t<\/div>\n<\/div><div class=\"wpcf7-response-output\" aria-hidden=\"true\"><\/div>\n<input type=\"hidden\" name=\"trp-form-language\" value=\"en\"\/><\/form>\n<\/div>\n    <\/div>\r\n\t\t\t\t<\/div>\n\t\t\t\t<\/div>\n\t\t            <\/div>\r\n        <\/div>\r\n        \t\t\t<\/div>\n\t\t<\/section>\n\t\t\t\t<\/div>","protected":false},"excerpt":{"rendered":"<p>Email info@electricidadmarcosmorales.com Tel\u00e9fono +34 622 75 00 74 Ubicaci\u00f3n C\/ Concordia, 71 &#8211; Torrevieja (Alicante) ESCR\u00cdBENOS Cons\u00faltanos sin compromiso He le\u00eddo y estoy de acuerdo con la Pol\u00edtica de privacidad. Enviar<\/p>","protected":false},"author":1,"featured_media":0,"parent":0,"menu_order":0,"comment_status":"closed","ping_status":"closed","template":"","meta":{"footnotes":""},"class_list":["post-41","page","type-page","status-publish","hentry"],"yoast_head":"<!-- This site is optimized with the Yoast SEO plugin v27.2 - https:\/\/yoast.com\/product\/yoast-seo-wordpress\/ -->\n<title>Contacto - Electricidad Marcos Morales<\/title>\n<meta name=\"robots\" content=\"index, follow, max-snippet:-1, max-image-preview:large, max-video-preview:-1\" \/>\n<link rel=\"canonical\" href=\"https:\/\/electricidadmarcosmorales.com\/en\/contacto\/\" \/>\n<meta property=\"og:locale\" content=\"en_GB\" \/>\n<meta property=\"og:type\" content=\"article\" \/>\n<meta property=\"og:title\" content=\"Contacto - Electricidad Marcos Morales\" \/>\n<meta property=\"og:description\" content=\"Email info@electricidadmarcosmorales.com Tel\u00e9fono +34 622 75 00 74 Ubicaci\u00f3n C\/ Concordia, 71 &#8211; Torrevieja (Alicante) ESCR\u00cdBENOS Cons\u00faltanos sin compromiso He le\u00eddo y estoy de acuerdo con la Pol\u00edtica de privacidad. Enviar\" \/>\n<meta property=\"og:url\" content=\"https:\/\/electricidadmarcosmorales.com\/en\/contacto\/\" \/>\n<meta property=\"og:site_name\" content=\"Electricidad Marcos Morales\" \/>\n<meta property=\"article:publisher\" content=\"https:\/\/www.facebook.com\/AMarcosMorales\/?locale=es_ES\" \/>\n<meta property=\"article:modified_time\" content=\"2026-03-16T12:47:42+00:00\" \/>\n<meta property=\"og:image\" content=\"https:\/\/electricidadmarcosmorales.com\/wp-content\/uploads\/2024\/03\/Group-email.png\" \/>\n<meta name=\"twitter:card\" content=\"summary_large_image\" \/>\n<meta name=\"twitter:label1\" content=\"Estimated reading time\" \/>\n\t<meta name=\"twitter:data1\" content=\"1 minute\" \/>\n<script type=\"application\/ld+json\" class=\"yoast-schema-graph\">{\"@context\":\"https:\/\/schema.org\",\"@graph\":[{\"@type\":\"WebPage\",\"@id\":\"https:\/\/electricidadmarcosmorales.com\/contacto\/\",\"url\":\"https:\/\/electricidadmarcosmorales.com\/contacto\/\",\"name\":\"Contacto - Electricidad Marcos Morales\",\"isPartOf\":{\"@id\":\"https:\/\/electricidadmarcosmorales.com\/#website\"},\"primaryImageOfPage\":{\"@id\":\"https:\/\/electricidadmarcosmorales.com\/contacto\/#primaryimage\"},\"image\":{\"@id\":\"https:\/\/electricidadmarcosmorales.com\/contacto\/#primaryimage\"},\"thumbnailUrl\":\"https:\/\/electricidadmarcosmorales.com\/wp-content\/uploads\/2024\/03\/Group-email.png\",\"datePublished\":\"2024-03-26T15:24:54+00:00\",\"dateModified\":\"2026-03-16T12:47:42+00:00\",\"breadcrumb\":{\"@id\":\"https:\/\/electricidadmarcosmorales.com\/contacto\/#breadcrumb\"},\"inLanguage\":\"en-GB\",\"potentialAction\":[{\"@type\":\"ReadAction\",\"target\":[\"https:\/\/electricidadmarcosmorales.com\/contacto\/\"]}]},{\"@type\":\"ImageObject\",\"inLanguage\":\"en-GB\",\"@id\":\"https:\/\/electricidadmarcosmorales.com\/contacto\/#primaryimage\",\"url\":\"https:\/\/electricidadmarcosmorales.com\/wp-content\/uploads\/2024\/03\/Group-email.png\",\"contentUrl\":\"https:\/\/electricidadmarcosmorales.com\/wp-content\/uploads\/2024\/03\/Group-email.png\"},{\"@type\":\"BreadcrumbList\",\"@id\":\"https:\/\/electricidadmarcosmorales.com\/contacto\/#breadcrumb\",\"itemListElement\":[{\"@type\":\"ListItem\",\"position\":1,\"name\":\"Portada\",\"item\":\"https:\/\/electricidadmarcosmorales.com\/\"},{\"@type\":\"ListItem\",\"position\":2,\"name\":\"Contacto\"}]},{\"@type\":\"WebSite\",\"@id\":\"https:\/\/electricidadmarcosmorales.com\/#website\",\"url\":\"https:\/\/electricidadmarcosmorales.com\/\",\"name\":\"Electricidad Marcos Morales\",\"description\":\"\",\"publisher\":{\"@id\":\"https:\/\/electricidadmarcosmorales.com\/#organization\"},\"potentialAction\":[{\"@type\":\"SearchAction\",\"target\":{\"@type\":\"EntryPoint\",\"urlTemplate\":\"https:\/\/electricidadmarcosmorales.com\/?s={search_term_string}\"},\"query-input\":{\"@type\":\"PropertyValueSpecification\",\"valueRequired\":true,\"valueName\":\"search_term_string\"}}],\"inLanguage\":\"en-GB\"},{\"@type\":\"Organization\",\"@id\":\"https:\/\/electricidadmarcosmorales.com\/#organization\",\"name\":\"Electricidad Marcos Morales\",\"url\":\"https:\/\/electricidadmarcosmorales.com\/\",\"logo\":{\"@type\":\"ImageObject\",\"inLanguage\":\"en-GB\",\"@id\":\"https:\/\/electricidadmarcosmorales.com\/#\/schema\/logo\/image\/\",\"url\":\"https:\/\/electricidadmarcosmorales.com\/wp-content\/uploads\/2024\/05\/logoamm.png\",\"contentUrl\":\"https:\/\/electricidadmarcosmorales.com\/wp-content\/uploads\/2024\/05\/logoamm.png\",\"width\":250,\"height\":120,\"caption\":\"Electricidad Marcos Morales\"},\"image\":{\"@id\":\"https:\/\/electricidadmarcosmorales.com\/#\/schema\/logo\/image\/\"},\"sameAs\":[\"https:\/\/www.facebook.com\/AMarcosMorales\/?locale=es_ES\"]}]}<\/script>\n<!-- \/ Yoast SEO plugin. -->","yoast_head_json":{"title":"Contacto - Electricidad Marcos Morales","robots":{"index":"index","follow":"follow","max-snippet":"max-snippet:-1","max-image-preview":"max-image-preview:large","max-video-preview":"max-video-preview:-1"},"canonical":"https:\/\/electricidadmarcosmorales.com\/en\/contacto\/","og_locale":"en_GB","og_type":"article","og_title":"Contacto - Electricidad Marcos Morales","og_description":"Email info@electricidadmarcosmorales.com Tel\u00e9fono +34 622 75 00 74 Ubicaci\u00f3n C\/ Concordia, 71 &#8211; Torrevieja (Alicante) ESCR\u00cdBENOS Cons\u00faltanos sin compromiso He le\u00eddo y estoy de acuerdo con la Pol\u00edtica de privacidad. Enviar","og_url":"https:\/\/electricidadmarcosmorales.com\/en\/contacto\/","og_site_name":"Electricidad Marcos Morales","article_publisher":"https:\/\/www.facebook.com\/AMarcosMorales\/?locale=es_ES","article_modified_time":"2026-03-16T12:47:42+00:00","og_image":[{"url":"https:\/\/electricidadmarcosmorales.com\/wp-content\/uploads\/2024\/03\/Group-email.png","type":"","width":"","height":""}],"twitter_card":"summary_large_image","twitter_misc":{"Estimated reading time":"1 minute"},"schema":{"@context":"https:\/\/schema.org","@graph":[{"@type":"WebPage","@id":"https:\/\/electricidadmarcosmorales.com\/contacto\/","url":"https:\/\/electricidadmarcosmorales.com\/contacto\/","name":"Contacto - Electricidad Marcos Morales","isPartOf":{"@id":"https:\/\/electricidadmarcosmorales.com\/#website"},"primaryImageOfPage":{"@id":"https:\/\/electricidadmarcosmorales.com\/contacto\/#primaryimage"},"image":{"@id":"https:\/\/electricidadmarcosmorales.com\/contacto\/#primaryimage"},"thumbnailUrl":"https:\/\/electricidadmarcosmorales.com\/wp-content\/uploads\/2024\/03\/Group-email.png","datePublished":"2024-03-26T15:24:54+00:00","dateModified":"2026-03-16T12:47:42+00:00","breadcrumb":{"@id":"https:\/\/electricidadmarcosmorales.com\/contacto\/#breadcrumb"},"inLanguage":"en-GB","potentialAction":[{"@type":"ReadAction","target":["https:\/\/electricidadmarcosmorales.com\/contacto\/"]}]},{"@type":"ImageObject","inLanguage":"en-GB","@id":"https:\/\/electricidadmarcosmorales.com\/contacto\/#primaryimage","url":"https:\/\/electricidadmarcosmorales.com\/wp-content\/uploads\/2024\/03\/Group-email.png","contentUrl":"https:\/\/electricidadmarcosmorales.com\/wp-content\/uploads\/2024\/03\/Group-email.png"},{"@type":"BreadcrumbList","@id":"https:\/\/electricidadmarcosmorales.com\/contacto\/#breadcrumb","itemListElement":[{"@type":"ListItem","position":1,"name":"Portada","item":"https:\/\/electricidadmarcosmorales.com\/"},{"@type":"ListItem","position":2,"name":"Contacto"}]},{"@type":"WebSite","@id":"https:\/\/electricidadmarcosmorales.com\/#website","url":"https:\/\/electricidadmarcosmorales.com\/","name":"Electricidad Marcos Morales","description":"","publisher":{"@id":"https:\/\/electricidadmarcosmorales.com\/#organization"},"potentialAction":[{"@type":"SearchAction","target":{"@type":"EntryPoint","urlTemplate":"https:\/\/electricidadmarcosmorales.com\/?s={search_term_string}"},"query-input":{"@type":"PropertyValueSpecification","valueRequired":true,"valueName":"search_term_string"}}],"inLanguage":"en-GB"},{"@type":"Organization","@id":"https:\/\/electricidadmarcosmorales.com\/#organization","name":"Electricidad Marcos Morales","url":"https:\/\/electricidadmarcosmorales.com\/","logo":{"@type":"ImageObject","inLanguage":"en-GB","@id":"https:\/\/electricidadmarcosmorales.com\/#\/schema\/logo\/image\/","url":"https:\/\/electricidadmarcosmorales.com\/wp-content\/uploads\/2024\/05\/logoamm.png","contentUrl":"https:\/\/electricidadmarcosmorales.com\/wp-content\/uploads\/2024\/05\/logoamm.png","width":250,"height":120,"caption":"Electricidad Marcos Morales"},"image":{"@id":"https:\/\/electricidadmarcosmorales.com\/#\/schema\/logo\/image\/"},"sameAs":["https:\/\/www.facebook.com\/AMarcosMorales\/?locale=es_ES"]}]}},"_links":{"self":[{"href":"https:\/\/electricidadmarcosmorales.com\/en\/wp-json\/wp\/v2\/pages\/41","targetHints":{"allow":["GET"]}}],"collection":[{"href":"https:\/\/electricidadmarcosmorales.com\/en\/wp-json\/wp\/v2\/pages"}],"about":[{"href":"https:\/\/electricidadmarcosmorales.com\/en\/wp-json\/wp\/v2\/types\/page"}],"author":[{"embeddable":true,"href":"https:\/\/electricidadmarcosmorales.com\/en\/wp-json\/wp\/v2\/users\/1"}],"replies":[{"embeddable":true,"href":"https:\/\/electricidadmarcosmorales.com\/en\/wp-json\/wp\/v2\/comments?post=41"}],"version-history":[{"count":22,"href":"https:\/\/electricidadmarcosmorales.com\/en\/wp-json\/wp\/v2\/pages\/41\/revisions"}],"predecessor-version":[{"id":18678,"href":"https:\/\/electricidadmarcosmorales.com\/en\/wp-json\/wp\/v2\/pages\/41\/revisions\/18678"}],"wp:attachment":[{"href":"https:\/\/electricidadmarcosmorales.com\/en\/wp-json\/wp\/v2\/media?parent=41"}],"curies":[{"name":"wp","href":"https:\/\/api.w.org\/{rel}","templated":true}]}}