{"id":18409,"date":"2025-01-17T12:48:58","date_gmt":"2025-01-17T12:48:58","guid":{"rendered":"https:\/\/electricista.informedia.com.es\/?page_id=18409"},"modified":"2025-01-17T13:27:56","modified_gmt":"2025-01-17T13:27:56","slug":"presupuesto","status":"publish","type":"page","link":"https:\/\/electricidadmarcosmorales.com\/en\/presupuesto\/","title":{"rendered":"Presupuesto"},"content":{"rendered":"<div data-elementor-type=\"wp-page\" data-elementor-id=\"18409\" class=\"elementor elementor-18409\">\n\t\t\t\t        <section class=\"elementor-section elementor-top-section elementor-element elementor-element-139868a elementor-section-boxed elementor-section-height-default elementor-section-height-default pxl-type-header-none pxl-row-scroll-none\" data-id=\"139868a\" data-element_type=\"section\" data-e-type=\"section\">\n\n                \n                <div class=\"elementor-container elementor-column-gap-default\">\n                <div class=\"elementor-column elementor-col-50 elementor-top-column elementor-element elementor-element-feae10d pxl-column-element-default pxl-column-none pxl-column-overflow-hidden-no\" data-id=\"feae10d\" data-element_type=\"column\" data-e-type=\"column\">\r\n        <div class=\"elementor-widget-wrap elementor-element-populated\">\r\n                     \r\n        \t\t<div class=\"elementor-element elementor-element-9ba9fcb elementor-widget elementor-widget-text-editor\" data-id=\"9ba9fcb\" data-element_type=\"widget\" data-e-type=\"widget\" data-widget_type=\"text-editor.default\">\n\t\t\t\t<div class=\"elementor-widget-container\">\n\t\t\t\t\t\t\t\t\t<p style=\"text-align: justify;\">Rellena el siguiente formulario con tus datos y lo que necesites. Nos pondremos en contacto contigo lo antes posible para facilitarte un presupuesto a medida o evaluar detenidamente tu caso.<\/p>\t\t\t\t\t\t\t\t<\/div>\n\t\t\t\t<\/div>\n\t\t            <\/div>\r\n        <\/div>\r\n                <div class=\"elementor-column elementor-col-50 elementor-top-column elementor-element elementor-element-feefd70 pxl-column-element-default pxl-column-none pxl-column-overflow-hidden-no\" data-id=\"feefd70\" data-element_type=\"column\" data-e-type=\"column\">\r\n        <div class=\"elementor-widget-wrap elementor-element-populated\">\r\n                     \r\n        \t\t<div class=\"elementor-element elementor-element-313e0d5 elementor-widget elementor-widget-pxl_contact_form\" data-id=\"313e0d5\" data-element_type=\"widget\" data-e-type=\"widget\" data-widget_type=\"pxl_contact_form.default\">\n\t\t\t\t<div class=\"elementor-widget-container\">\n\t\t\t\t\t    <div class=\"pxl-contact-form pxl-contact-form1 btn-default btn-w-auto\" data-wow-delay=\"ms\">\r\n        \n<div class=\"wpcf7 no-js\" id=\"wpcf7-f18408-o1\" lang=\"es-ES\" dir=\"ltr\" data-wpcf7-id=\"18408\">\n<div class=\"screen-reader-response\"><p role=\"status\" aria-live=\"polite\" aria-atomic=\"true\"><\/p> <ul><\/ul><\/div>\n<form action=\"\/en\/wp-json\/wp\/v2\/pages\/18409#wpcf7-f18408-o1\" method=\"post\" class=\"wpcf7-form init\" aria-label=\"Formulario de contacto\" novalidate=\"novalidate\" data-status=\"init\" data-trp-original-action=\"\/en\/wp-json\/wp\/v2\/pages\/18409#wpcf7-f18408-o1\">\n<fieldset class=\"hidden-fields-container\"><input type=\"hidden\" name=\"_wpcf7\" value=\"18408\" \/><input type=\"hidden\" name=\"_wpcf7_version\" value=\"6.1.5\" \/><input type=\"hidden\" name=\"_wpcf7_locale\" value=\"es_ES\" \/><input type=\"hidden\" name=\"_wpcf7_unit_tag\" value=\"wpcf7-f18408-o1\" \/><input type=\"hidden\" name=\"_wpcf7_container_post\" value=\"0\" \/><input type=\"hidden\" name=\"_wpcf7_posted_data_hash\" value=\"\" \/><input type=\"hidden\" name=\"_wpcf7_recaptcha_response\" value=\"\" \/>\n<\/fieldset>\n<p><label> Nombre<br \/>\n<span class=\"wpcf7-form-control-wrap\" data-name=\"nombre\"><input size=\"40\" maxlength=\"400\" class=\"wpcf7-form-control wpcf7-text wpcf7-validates-as-required\" autocomplete=\"name\" aria-required=\"true\" aria-invalid=\"false\" value=\"\" type=\"text\" name=\"nombre\" \/><\/span> <\/label>\n<\/p>\n<p><label> Email<br \/>\n<span class=\"wpcf7-form-control-wrap\" data-name=\"email\"><input size=\"40\" maxlength=\"400\" class=\"wpcf7-form-control wpcf7-email wpcf7-validates-as-required wpcf7-text wpcf7-validates-as-email\" autocomplete=\"email\" aria-required=\"true\" aria-invalid=\"false\" value=\"\" type=\"email\" name=\"email\" \/><\/span> <\/label>\n<\/p>\n<p><label> Localidad<br \/>\n<span class=\"wpcf7-form-control-wrap\" data-name=\"localidad\"><select class=\"wpcf7-form-control wpcf7-select wpcf7-validates-as-required\" aria-required=\"true\" aria-invalid=\"false\" name=\"localidad\"><option value=\"Torrevieja\">Torrevieja<\/option><option value=\"Orihuela\">Orihuela<\/option><option value=\"Alicante\">Alicante<\/option><option value=\"Elche\">Elche<\/option><\/select><\/span> <\/label>\n<\/p>\n<p><label> Servicio<br \/>\n<span class=\"wpcf7-form-control-wrap\" data-name=\"servicio\"><select class=\"wpcf7-form-control wpcf7-select wpcf7-validates-as-required\" aria-required=\"true\" aria-invalid=\"false\" name=\"servicio\"><option value=\"Reforma de instalaci\u00f3n el\u00e9ctrica\">Reforma de instalaci\u00f3n el\u00e9ctrica<\/option><option value=\"Instalaci\u00f3n de obra nueva\">Instalaci\u00f3n de obra nueva<\/option><option value=\"Cambio de centralizciones de contadores\">Cambio de centralizciones de contadores<\/option><option value=\"Aumento de potencia\">Aumento de potencia<\/option><option value=\"Bolet\u00edn de instalaci\u00f3n el\u00e9ctrica\">Bolet\u00edn de instalaci\u00f3n el\u00e9ctrica<\/option><option value=\"Instalaci\u00f3n de iluminaci\u00f3n led\">Instalaci\u00f3n de iluminaci\u00f3n led<\/option><option value=\"Portero autom\u00e1ticos y videoporteros\">Portero autom\u00e1ticos y videoporteros<\/option><option value=\"Instalaci\u00f3n de punto de recarga para coche el\u00e9ctrico\">Instalaci\u00f3n de punto de recarga para coche el\u00e9ctrico<\/option><option value=\"Otro (especificar)\">Otro (especificar)<\/option><\/select><\/span> <\/label>\n<\/p>\n<p><label> Observaciones<br \/>\n<span class=\"wpcf7-form-control-wrap\" data-name=\"Observaciones\"><textarea cols=\"40\" rows=\"10\" maxlength=\"2000\" class=\"wpcf7-form-control wpcf7-textarea\" aria-invalid=\"false\" name=\"Observaciones\"><\/textarea><\/span> <\/label>\n<\/p>\n<p><span class=\"wpcf7-form-control-wrap\" data-name=\"aceptacion\"><span class=\"wpcf7-form-control wpcf7-acceptance\"><span class=\"wpcf7-list-item\"><label><input type=\"checkbox\" name=\"aceptacion\" value=\"1\" aria-invalid=\"false\" \/><span class=\"wpcf7-list-item-label\">He le\u00eddo y estoy de acuerdo con la <a href=\"\/en\/politica-de-privacidad\/\" target=\"_blank\">Pol\u00edtica de privacidad<\/a>.<\/span><\/label><\/span><\/span><\/span>\n<\/p>\n<p><input class=\"wpcf7-form-control wpcf7-submit has-spinner\" type=\"submit\" value=\"Enviar\" \/>\n<\/p><div class=\"wpcf7-response-output\" aria-hidden=\"true\"><\/div>\n<input type=\"hidden\" name=\"trp-form-language\" value=\"en\"\/><\/form>\n<\/div>\n    <\/div>\r\n\t\t\t\t<\/div>\n\t\t\t\t<\/div>\n\t\t            <\/div>\r\n        <\/div>\r\n        \t\t\t<\/div>\n\t\t<\/section>\n\t\t\t\t<\/div>","protected":false},"excerpt":{"rendered":"<p>Rellena el siguiente formulario con tus datos y lo que necesites. Nos pondremos en contacto contigo lo antes posible para facilitarte un presupuesto a medida o evaluar detenidamente tu caso. Nombre Email Localidad TorreviejaOrihuelaAlicanteElche Servicio Bolet\u00edn el\u00e9ctricoAumento de potenciaInterfonoInstalaci\u00f3n de luces ledCalefacci\u00f3n radial el\u00e9ctricaAcumuladores de calorOtro (especificar) Observaciones He le\u00eddo y estoy de acuerdo con [&hellip;]<\/p>\n","protected":false},"author":1,"featured_media":0,"parent":0,"menu_order":0,"comment_status":"closed","ping_status":"closed","template":"","meta":{"footnotes":""},"class_list":["post-18409","page","type-page","status-publish","hentry"],"yoast_head":"<!-- This site is optimized with the Yoast SEO plugin v27.2 - https:\/\/yoast.com\/product\/yoast-seo-wordpress\/ -->\n<title>Presupuesto - Electricidad Marcos Morales<\/title>\n<meta name=\"robots\" content=\"index, follow, max-snippet:-1, max-image-preview:large, max-video-preview:-1\" \/>\n<link rel=\"canonical\" href=\"https:\/\/electricidadmarcosmorales.com\/en\/presupuesto\/\" \/>\n<meta property=\"og:locale\" content=\"en_GB\" \/>\n<meta property=\"og:type\" content=\"article\" \/>\n<meta property=\"og:title\" content=\"Presupuesto - Electricidad Marcos Morales\" \/>\n<meta property=\"og:description\" content=\"Rellena el siguiente formulario con tus datos y lo que necesites. Nos pondremos en contacto contigo lo antes posible para facilitarte un presupuesto a medida o evaluar detenidamente tu caso. Nombre Email Localidad TorreviejaOrihuelaAlicanteElche Servicio Bolet\u00edn el\u00e9ctricoAumento de potenciaInterfonoInstalaci\u00f3n de luces ledCalefacci\u00f3n radial el\u00e9ctricaAcumuladores de calorOtro (especificar) Observaciones He le\u00eddo y estoy de acuerdo con [&hellip;]\" \/>\n<meta property=\"og:url\" content=\"https:\/\/electricidadmarcosmorales.com\/en\/presupuesto\/\" \/>\n<meta property=\"og:site_name\" content=\"Electricidad Marcos Morales\" \/>\n<meta property=\"article:publisher\" content=\"https:\/\/www.facebook.com\/AMarcosMorales\/?locale=es_ES\" \/>\n<meta property=\"article:modified_time\" content=\"2025-01-17T13:27:56+00:00\" \/>\n<meta name=\"twitter:card\" content=\"summary_large_image\" \/>\n<script type=\"application\/ld+json\" class=\"yoast-schema-graph\">{\"@context\":\"https:\/\/schema.org\",\"@graph\":[{\"@type\":\"WebPage\",\"@id\":\"https:\/\/electricidadmarcosmorales.com\/presupuesto\/\",\"url\":\"https:\/\/electricidadmarcosmorales.com\/presupuesto\/\",\"name\":\"Presupuesto - Electricidad Marcos Morales\",\"isPartOf\":{\"@id\":\"https:\/\/electricidadmarcosmorales.com\/#website\"},\"datePublished\":\"2025-01-17T12:48:58+00:00\",\"dateModified\":\"2025-01-17T13:27:56+00:00\",\"breadcrumb\":{\"@id\":\"https:\/\/electricidadmarcosmorales.com\/presupuesto\/#breadcrumb\"},\"inLanguage\":\"en-GB\",\"potentialAction\":[{\"@type\":\"ReadAction\",\"target\":[\"https:\/\/electricidadmarcosmorales.com\/presupuesto\/\"]}]},{\"@type\":\"BreadcrumbList\",\"@id\":\"https:\/\/electricidadmarcosmorales.com\/presupuesto\/#breadcrumb\",\"itemListElement\":[{\"@type\":\"ListItem\",\"position\":1,\"name\":\"Portada\",\"item\":\"https:\/\/electricidadmarcosmorales.com\/\"},{\"@type\":\"ListItem\",\"position\":2,\"name\":\"Presupuesto\"}]},{\"@type\":\"WebSite\",\"@id\":\"https:\/\/electricidadmarcosmorales.com\/#website\",\"url\":\"https:\/\/electricidadmarcosmorales.com\/\",\"name\":\"Electricidad Marcos Morales\",\"description\":\"\",\"publisher\":{\"@id\":\"https:\/\/electricidadmarcosmorales.com\/#organization\"},\"potentialAction\":[{\"@type\":\"SearchAction\",\"target\":{\"@type\":\"EntryPoint\",\"urlTemplate\":\"https:\/\/electricidadmarcosmorales.com\/?s={search_term_string}\"},\"query-input\":{\"@type\":\"PropertyValueSpecification\",\"valueRequired\":true,\"valueName\":\"search_term_string\"}}],\"inLanguage\":\"en-GB\"},{\"@type\":\"Organization\",\"@id\":\"https:\/\/electricidadmarcosmorales.com\/#organization\",\"name\":\"Electricidad Marcos Morales\",\"url\":\"https:\/\/electricidadmarcosmorales.com\/\",\"logo\":{\"@type\":\"ImageObject\",\"inLanguage\":\"en-GB\",\"@id\":\"https:\/\/electricidadmarcosmorales.com\/#\/schema\/logo\/image\/\",\"url\":\"https:\/\/electricidadmarcosmorales.com\/wp-content\/uploads\/2024\/05\/logoamm.png\",\"contentUrl\":\"https:\/\/electricidadmarcosmorales.com\/wp-content\/uploads\/2024\/05\/logoamm.png\",\"width\":250,\"height\":120,\"caption\":\"Electricidad Marcos Morales\"},\"image\":{\"@id\":\"https:\/\/electricidadmarcosmorales.com\/#\/schema\/logo\/image\/\"},\"sameAs\":[\"https:\/\/www.facebook.com\/AMarcosMorales\/?locale=es_ES\"]}]}<\/script>\n<!-- \/ Yoast SEO plugin. -->","yoast_head_json":{"title":"Presupuesto - Electricidad Marcos Morales","robots":{"index":"index","follow":"follow","max-snippet":"max-snippet:-1","max-image-preview":"max-image-preview:large","max-video-preview":"max-video-preview:-1"},"canonical":"https:\/\/electricidadmarcosmorales.com\/en\/presupuesto\/","og_locale":"en_GB","og_type":"article","og_title":"Presupuesto - Electricidad Marcos Morales","og_description":"Rellena el siguiente formulario con tus datos y lo que necesites. Nos pondremos en contacto contigo lo antes posible para facilitarte un presupuesto a medida o evaluar detenidamente tu caso. Nombre Email Localidad TorreviejaOrihuelaAlicanteElche Servicio Bolet\u00edn el\u00e9ctricoAumento de potenciaInterfonoInstalaci\u00f3n de luces ledCalefacci\u00f3n radial el\u00e9ctricaAcumuladores de calorOtro (especificar) Observaciones He le\u00eddo y estoy de acuerdo con [&hellip;]","og_url":"https:\/\/electricidadmarcosmorales.com\/en\/presupuesto\/","og_site_name":"Electricidad Marcos Morales","article_publisher":"https:\/\/www.facebook.com\/AMarcosMorales\/?locale=es_ES","article_modified_time":"2025-01-17T13:27:56+00:00","twitter_card":"summary_large_image","schema":{"@context":"https:\/\/schema.org","@graph":[{"@type":"WebPage","@id":"https:\/\/electricidadmarcosmorales.com\/presupuesto\/","url":"https:\/\/electricidadmarcosmorales.com\/presupuesto\/","name":"Presupuesto - Electricidad Marcos Morales","isPartOf":{"@id":"https:\/\/electricidadmarcosmorales.com\/#website"},"datePublished":"2025-01-17T12:48:58+00:00","dateModified":"2025-01-17T13:27:56+00:00","breadcrumb":{"@id":"https:\/\/electricidadmarcosmorales.com\/presupuesto\/#breadcrumb"},"inLanguage":"en-GB","potentialAction":[{"@type":"ReadAction","target":["https:\/\/electricidadmarcosmorales.com\/presupuesto\/"]}]},{"@type":"BreadcrumbList","@id":"https:\/\/electricidadmarcosmorales.com\/presupuesto\/#breadcrumb","itemListElement":[{"@type":"ListItem","position":1,"name":"Portada","item":"https:\/\/electricidadmarcosmorales.com\/"},{"@type":"ListItem","position":2,"name":"Presupuesto"}]},{"@type":"WebSite","@id":"https:\/\/electricidadmarcosmorales.com\/#website","url":"https:\/\/electricidadmarcosmorales.com\/","name":"Electricidad Marcos Morales","description":"","publisher":{"@id":"https:\/\/electricidadmarcosmorales.com\/#organization"},"potentialAction":[{"@type":"SearchAction","target":{"@type":"EntryPoint","urlTemplate":"https:\/\/electricidadmarcosmorales.com\/?s={search_term_string}"},"query-input":{"@type":"PropertyValueSpecification","valueRequired":true,"valueName":"search_term_string"}}],"inLanguage":"en-GB"},{"@type":"Organization","@id":"https:\/\/electricidadmarcosmorales.com\/#organization","name":"Electricidad Marcos Morales","url":"https:\/\/electricidadmarcosmorales.com\/","logo":{"@type":"ImageObject","inLanguage":"en-GB","@id":"https:\/\/electricidadmarcosmorales.com\/#\/schema\/logo\/image\/","url":"https:\/\/electricidadmarcosmorales.com\/wp-content\/uploads\/2024\/05\/logoamm.png","contentUrl":"https:\/\/electricidadmarcosmorales.com\/wp-content\/uploads\/2024\/05\/logoamm.png","width":250,"height":120,"caption":"Electricidad Marcos Morales"},"image":{"@id":"https:\/\/electricidadmarcosmorales.com\/#\/schema\/logo\/image\/"},"sameAs":["https:\/\/www.facebook.com\/AMarcosMorales\/?locale=es_ES"]}]}},"_links":{"self":[{"href":"https:\/\/electricidadmarcosmorales.com\/en\/wp-json\/wp\/v2\/pages\/18409","targetHints":{"allow":["GET"]}}],"collection":[{"href":"https:\/\/electricidadmarcosmorales.com\/en\/wp-json\/wp\/v2\/pages"}],"about":[{"href":"https:\/\/electricidadmarcosmorales.com\/en\/wp-json\/wp\/v2\/types\/page"}],"author":[{"embeddable":true,"href":"https:\/\/electricidadmarcosmorales.com\/en\/wp-json\/wp\/v2\/users\/1"}],"replies":[{"embeddable":true,"href":"https:\/\/electricidadmarcosmorales.com\/en\/wp-json\/wp\/v2\/comments?post=18409"}],"version-history":[{"count":16,"href":"https:\/\/electricidadmarcosmorales.com\/en\/wp-json\/wp\/v2\/pages\/18409\/revisions"}],"predecessor-version":[{"id":18427,"href":"https:\/\/electricidadmarcosmorales.com\/en\/wp-json\/wp\/v2\/pages\/18409\/revisions\/18427"}],"wp:attachment":[{"href":"https:\/\/electricidadmarcosmorales.com\/en\/wp-json\/wp\/v2\/media?parent=18409"}],"curies":[{"name":"wp","href":"https:\/\/api.w.org\/{rel}","templated":true}]}}