{"id":18341,"date":"2025-01-14T13:31:52","date_gmt":"2025-01-14T13:31:52","guid":{"rendered":"https:\/\/electricista.informedia.com.es\/?page_id=18341"},"modified":"2025-01-21T12:55:18","modified_gmt":"2025-01-21T12:55:18","slug":"declaracion-de-accesibilidad","status":"publish","type":"page","link":"https:\/\/electricidadmarcosmorales.com\/en\/declaracion-de-accesibilidad\/","title":{"rendered":"Declaraci\u00f3n de accesibilidad"},"content":{"rendered":"<div data-elementor-type=\"wp-page\" data-elementor-id=\"18341\" class=\"elementor elementor-18341\">\n\t\t\t\t        <section class=\"elementor-section elementor-top-section elementor-element elementor-element-509fa0e elementor-section-boxed elementor-section-height-default elementor-section-height-default pxl-type-header-none pxl-row-scroll-none\" data-id=\"509fa0e\" data-element_type=\"section\" data-e-type=\"section\">\n\n                \n                <div class=\"elementor-container elementor-column-gap-default\">\n                <div class=\"elementor-column elementor-col-100 elementor-top-column elementor-element elementor-element-bb022d6 pxl-column-element-default pxl-column-none pxl-column-overflow-hidden-no\" data-id=\"bb022d6\" data-element_type=\"column\" data-e-type=\"column\">\r\n        <div class=\"elementor-widget-wrap elementor-element-populated\">\r\n                     \r\n        \t\t<div class=\"elementor-element elementor-element-a2767c5 elementor-widget elementor-widget-pxl_text_editor\" data-id=\"a2767c5\" data-element_type=\"widget\" data-e-type=\"widget\" data-widget_type=\"pxl_text_editor.default\">\n\t\t\t\t<div class=\"elementor-widget-container\">\n\t\t\t\t\t<div class=\"pxl-text-editor\">\n\t<div class=\"pxl-item--inner\" data-wow-delay=\"ms\">\n\t\t<p style=\"text-align: justify\">Electricidad Marcos Morales se ha comprometido a hacer accesibles sus sitios web de conformidad con el <a href=\"https:\/\/www.boe.es\/buscar\/act.php?id=BOE-A-2018-12699\" target=\"_blank\" rel=\"noreferrer noopener\">Real Decreto 1112\/2018, de 7 de septiembre<\/a>, sobre accesibilidad de los sitios web y aplicaciones para dispositivos m\u00f3viles del sector p\u00fablico (en adelante, Real Decreto 1112\/2018, de 7 de septiembre).<\/p><p style=\"text-align: justify\">La presente declaraci\u00f3n de accesibilidad se aplica al sitio web https:\/\/electricidadmarcosmorales.com (los subdominios de este sitio web tendr\u00e1n sus propias declaraciones de accesibilidad).<\/p><p style=\"text-align: justify\"><strong>Situaci\u00f3n de cumplimiento<\/strong><\/p><p style=\"text-align: justify\">Este sitio web es <strong>parcialmente conforme<\/strong> con el Real Decreto 1112\/2018, de 7 de septiembre, debido a la falta de conformidad de los aspectos que se indican a continuaci\u00f3n.<\/p><p style=\"text-align: justify\"><strong>Contenido no accesible<\/strong><\/p><p style=\"text-align: justify\">El contenido que se recoge a continuaci\u00f3n no es accesible por lo siguiente:<\/p><ol style=\"text-align: justify\"><li><strong>Falta de conformidad con el Real Decreto 1112\/2018, de 7 de septiembre<\/strong>: podr\u00edan existir fallos puntuales de edici\u00f3n en alguna p\u00e1gina web, tanto en contenidos HTML como en documentos finales, publicados en fecha posterior al 20 de septiembre de 2018 (fecha de entrada en vigor del Real Decreto 1112\/2018, de 7 de septiembre).<\/li><li><strong>Carga desproporcionada<\/strong>: no aplica.<\/li><li>El contenido <strong>no entra dentro del \u00e1mbito de la legislaci\u00f3n<\/strong> aplicable: Existen archivos ofim\u00e1ticos en PDF u otros formatos publicados antes del 20 de septiembre de 2018 que no cumplen en su totalidad todos los requisitos de accesibilidad.<\/li><\/ol><p style=\"text-align: justify\"><strong>Preparaci\u00f3n de la presente declaraci\u00f3n de accesibilidad<\/strong><\/p><p style=\"text-align: justify\">La presente declaraci\u00f3n fue preparada el 21 de enero de 2025.<\/p><p style=\"text-align: justify\">El m\u00e9todo empleado para preparar la declaraci\u00f3n ha sido una autoevaluaci\u00f3n llevada a cabo por Informedia.<\/p><p style=\"text-align: justify\">\u00daltima revisi\u00f3n de la declaraci\u00f3n: 21 de enero de 2025.<\/p><p style=\"text-align: justify\"><strong>Observaciones y datos de contacto<\/strong><\/p><p style=\"text-align: justify\">Puede realizar comunicaciones sobre requisitos de accesibilidad (art\u00edculo 10.2.a) del Real Decreto 1112\/2018, de 7 de septiembre) como, por ejemplo:<\/p><ul style=\"text-align: justify\"><li>Informar sobre cualquier posible incumplimiento por parte de este sitio web.<\/li><li>Transmitir otras dificultades de acceso al contenido.<\/li><li>Formular cualquier otra consulta o sugerencia de mejora relativa a la accesibilidad del sitio web.<\/li><\/ul><p style=\"text-align: justify\">A trav\u00e9s de las siguientes v\u00edas:<\/p><ul style=\"text-align: justify\"><li>Correo electr\u00f3nico: soporte@informedia.es<\/li><li>Tel\u00e9fono: 965 713 676<\/li><\/ul><p style=\"text-align: justify\">Las comunicaciones ser\u00e1n recibidas y tratadas por Informedia, como unidad responsable de los contenidos de este sitio web.<\/p><p style=\"text-align: justify\">Tambi\u00e9n puede solicitar en formato accesible informaci\u00f3n que no cumpla con los requisitos de accesibilidad bien por estar excluida, bien por estar exenta por carga desproporcionada; o formular una queja por incumplimiento de los requisitos de accesibilidad.<\/p><p style=\"text-align: justify\"><strong>Procedimiento de aplicaci\u00f3n<\/strong><\/p><p style=\"text-align: justify\">A trav\u00e9s de este procedimiento podr\u00e1 iniciar una reclamaci\u00f3n para conocer y oponerse a los motivos de la desestimaci\u00f3n de una solicitud de informaci\u00f3n accesible o queja, instar la adopci\u00f3n de las medidas oportunas en el caso de no estar de acuerdo con la decisi\u00f3n adoptada, o exponer las razones por las que se considera que la respuesta no cumple con los requisitos exigidos.<\/p><p style=\"text-align: justify\"><strong>Contenido opcional<\/strong><\/p><p style=\"text-align: justify\">La versi\u00f3n actualmente visible de este sitio web es de enero de 2025 y en esa fecha se hizo la revisi\u00f3n del nivel de accesibilidad vigente en aquel momento.<\/p><p style=\"text-align: justify\">A partir de dicha fecha se llevan a cabo revisiones parciales peri\u00f3dicas del contenido web nuevo o modificado, tanto de las plantillas como de las p\u00e1ginas y documentos finales publicados, a fin de asegurar el cumplimiento de los requerimientos de accesibilidad de la Norma UNE-EN 301549:2019, considerando las excepciones del Real Decreto 1112\/2018, de 7 de septiembre.<\/p><p style=\"text-align: justify\">Puede consultar en la p\u00e1gina de <a href=\"https:\/\/electricidadmarcosmorales.com\/en\/politica-de-privacidad\/\" target=\"_blank\" rel=\"noreferrer noopener\">Pol\u00edtica de Privacidad<\/a> qu\u00e9 tecnolog\u00edas y versiones est\u00e1 utilizando este sitio web.<\/p>\t<\/div>\n<\/div>\t\t\t\t<\/div>\n\t\t\t\t<\/div>\n\t\t            <\/div>\r\n        <\/div>\r\n        \t\t\t<\/div>\n\t\t<\/section>\n\t\t\t\t<\/div>","protected":false},"excerpt":{"rendered":"<p>Electricidad Marcos Morales se ha comprometido a hacer accesibles sus sitios web de conformidad con el Real Decreto 1112\/2018, de 7 de septiembre, sobre accesibilidad de los sitios web y aplicaciones para dispositivos m\u00f3viles del sector p\u00fablico (en adelante, Real Decreto 1112\/2018, de 7 de septiembre). La presente declaraci\u00f3n de accesibilidad se aplica al sitio [&hellip;]<\/p>\n","protected":false},"author":1,"featured_media":0,"parent":0,"menu_order":0,"comment_status":"closed","ping_status":"closed","template":"","meta":{"footnotes":""},"class_list":["post-18341","page","type-page","status-publish","hentry"],"yoast_head":"<!-- This site is optimized with the Yoast SEO plugin v27.2 - https:\/\/yoast.com\/product\/yoast-seo-wordpress\/ -->\n<title>Declaraci\u00f3n de accesibilidad - Electricidad Marcos Morales<\/title>\n<meta name=\"robots\" content=\"index, follow, max-snippet:-1, max-image-preview:large, max-video-preview:-1\" \/>\n<link rel=\"canonical\" href=\"https:\/\/electricidadmarcosmorales.com\/en\/declaracion-de-accesibilidad\/\" \/>\n<meta property=\"og:locale\" content=\"en_GB\" \/>\n<meta property=\"og:type\" content=\"article\" \/>\n<meta property=\"og:title\" content=\"Declaraci\u00f3n de accesibilidad - Electricidad Marcos Morales\" \/>\n<meta property=\"og:description\" content=\"Electricidad Marcos Morales se ha comprometido a hacer accesibles sus sitios web de conformidad con el Real Decreto 1112\/2018, de 7 de septiembre, sobre accesibilidad de los sitios web y aplicaciones para dispositivos m\u00f3viles del sector p\u00fablico (en adelante, Real Decreto 1112\/2018, de 7 de septiembre). La presente declaraci\u00f3n de accesibilidad se aplica al sitio [&hellip;]\" \/>\n<meta property=\"og:url\" content=\"https:\/\/electricidadmarcosmorales.com\/en\/declaracion-de-accesibilidad\/\" \/>\n<meta property=\"og:site_name\" content=\"Electricidad Marcos Morales\" \/>\n<meta property=\"article:publisher\" content=\"https:\/\/www.facebook.com\/AMarcosMorales\/?locale=es_ES\" \/>\n<meta property=\"article:modified_time\" content=\"2025-01-21T12:55:18+00:00\" \/>\n<meta name=\"twitter:card\" content=\"summary_large_image\" \/>\n<meta name=\"twitter:label1\" content=\"Estimated reading time\" \/>\n\t<meta name=\"twitter:data1\" content=\"3 minutes\" \/>\n<script type=\"application\/ld+json\" class=\"yoast-schema-graph\">{\"@context\":\"https:\/\/schema.org\",\"@graph\":[{\"@type\":\"WebPage\",\"@id\":\"https:\/\/electricidadmarcosmorales.com\/declaracion-de-accesibilidad\/\",\"url\":\"https:\/\/electricidadmarcosmorales.com\/declaracion-de-accesibilidad\/\",\"name\":\"Declaraci\u00f3n de accesibilidad - Electricidad Marcos Morales\",\"isPartOf\":{\"@id\":\"https:\/\/electricidadmarcosmorales.com\/#website\"},\"datePublished\":\"2025-01-14T13:31:52+00:00\",\"dateModified\":\"2025-01-21T12:55:18+00:00\",\"breadcrumb\":{\"@id\":\"https:\/\/electricidadmarcosmorales.com\/declaracion-de-accesibilidad\/#breadcrumb\"},\"inLanguage\":\"en-GB\",\"potentialAction\":[{\"@type\":\"ReadAction\",\"target\":[\"https:\/\/electricidadmarcosmorales.com\/declaracion-de-accesibilidad\/\"]}]},{\"@type\":\"BreadcrumbList\",\"@id\":\"https:\/\/electricidadmarcosmorales.com\/declaracion-de-accesibilidad\/#breadcrumb\",\"itemListElement\":[{\"@type\":\"ListItem\",\"position\":1,\"name\":\"Portada\",\"item\":\"https:\/\/electricidadmarcosmorales.com\/\"},{\"@type\":\"ListItem\",\"position\":2,\"name\":\"Declaraci\u00f3n de accesibilidad\"}]},{\"@type\":\"WebSite\",\"@id\":\"https:\/\/electricidadmarcosmorales.com\/#website\",\"url\":\"https:\/\/electricidadmarcosmorales.com\/\",\"name\":\"Electricidad Marcos Morales\",\"description\":\"\",\"publisher\":{\"@id\":\"https:\/\/electricidadmarcosmorales.com\/#organization\"},\"potentialAction\":[{\"@type\":\"SearchAction\",\"target\":{\"@type\":\"EntryPoint\",\"urlTemplate\":\"https:\/\/electricidadmarcosmorales.com\/?s={search_term_string}\"},\"query-input\":{\"@type\":\"PropertyValueSpecification\",\"valueRequired\":true,\"valueName\":\"search_term_string\"}}],\"inLanguage\":\"en-GB\"},{\"@type\":\"Organization\",\"@id\":\"https:\/\/electricidadmarcosmorales.com\/#organization\",\"name\":\"Electricidad Marcos Morales\",\"url\":\"https:\/\/electricidadmarcosmorales.com\/\",\"logo\":{\"@type\":\"ImageObject\",\"inLanguage\":\"en-GB\",\"@id\":\"https:\/\/electricidadmarcosmorales.com\/#\/schema\/logo\/image\/\",\"url\":\"https:\/\/electricidadmarcosmorales.com\/wp-content\/uploads\/2024\/05\/logoamm.png\",\"contentUrl\":\"https:\/\/electricidadmarcosmorales.com\/wp-content\/uploads\/2024\/05\/logoamm.png\",\"width\":250,\"height\":120,\"caption\":\"Electricidad Marcos Morales\"},\"image\":{\"@id\":\"https:\/\/electricidadmarcosmorales.com\/#\/schema\/logo\/image\/\"},\"sameAs\":[\"https:\/\/www.facebook.com\/AMarcosMorales\/?locale=es_ES\"]}]}<\/script>\n<!-- \/ Yoast SEO plugin. -->","yoast_head_json":{"title":"Declaraci\u00f3n de accesibilidad - Electricidad Marcos Morales","robots":{"index":"index","follow":"follow","max-snippet":"max-snippet:-1","max-image-preview":"max-image-preview:large","max-video-preview":"max-video-preview:-1"},"canonical":"https:\/\/electricidadmarcosmorales.com\/en\/declaracion-de-accesibilidad\/","og_locale":"en_GB","og_type":"article","og_title":"Declaraci\u00f3n de accesibilidad - Electricidad Marcos Morales","og_description":"Electricidad Marcos Morales se ha comprometido a hacer accesibles sus sitios web de conformidad con el Real Decreto 1112\/2018, de 7 de septiembre, sobre accesibilidad de los sitios web y aplicaciones para dispositivos m\u00f3viles del sector p\u00fablico (en adelante, Real Decreto 1112\/2018, de 7 de septiembre). La presente declaraci\u00f3n de accesibilidad se aplica al sitio [&hellip;]","og_url":"https:\/\/electricidadmarcosmorales.com\/en\/declaracion-de-accesibilidad\/","og_site_name":"Electricidad Marcos Morales","article_publisher":"https:\/\/www.facebook.com\/AMarcosMorales\/?locale=es_ES","article_modified_time":"2025-01-21T12:55:18+00:00","twitter_card":"summary_large_image","twitter_misc":{"Estimated reading time":"3 minutes"},"schema":{"@context":"https:\/\/schema.org","@graph":[{"@type":"WebPage","@id":"https:\/\/electricidadmarcosmorales.com\/declaracion-de-accesibilidad\/","url":"https:\/\/electricidadmarcosmorales.com\/declaracion-de-accesibilidad\/","name":"Declaraci\u00f3n de accesibilidad - Electricidad Marcos Morales","isPartOf":{"@id":"https:\/\/electricidadmarcosmorales.com\/#website"},"datePublished":"2025-01-14T13:31:52+00:00","dateModified":"2025-01-21T12:55:18+00:00","breadcrumb":{"@id":"https:\/\/electricidadmarcosmorales.com\/declaracion-de-accesibilidad\/#breadcrumb"},"inLanguage":"en-GB","potentialAction":[{"@type":"ReadAction","target":["https:\/\/electricidadmarcosmorales.com\/declaracion-de-accesibilidad\/"]}]},{"@type":"BreadcrumbList","@id":"https:\/\/electricidadmarcosmorales.com\/declaracion-de-accesibilidad\/#breadcrumb","itemListElement":[{"@type":"ListItem","position":1,"name":"Portada","item":"https:\/\/electricidadmarcosmorales.com\/"},{"@type":"ListItem","position":2,"name":"Declaraci\u00f3n de accesibilidad"}]},{"@type":"WebSite","@id":"https:\/\/electricidadmarcosmorales.com\/#website","url":"https:\/\/electricidadmarcosmorales.com\/","name":"Electricidad Marcos Morales","description":"","publisher":{"@id":"https:\/\/electricidadmarcosmorales.com\/#organization"},"potentialAction":[{"@type":"SearchAction","target":{"@type":"EntryPoint","urlTemplate":"https:\/\/electricidadmarcosmorales.com\/?s={search_term_string}"},"query-input":{"@type":"PropertyValueSpecification","valueRequired":true,"valueName":"search_term_string"}}],"inLanguage":"en-GB"},{"@type":"Organization","@id":"https:\/\/electricidadmarcosmorales.com\/#organization","name":"Electricidad Marcos Morales","url":"https:\/\/electricidadmarcosmorales.com\/","logo":{"@type":"ImageObject","inLanguage":"en-GB","@id":"https:\/\/electricidadmarcosmorales.com\/#\/schema\/logo\/image\/","url":"https:\/\/electricidadmarcosmorales.com\/wp-content\/uploads\/2024\/05\/logoamm.png","contentUrl":"https:\/\/electricidadmarcosmorales.com\/wp-content\/uploads\/2024\/05\/logoamm.png","width":250,"height":120,"caption":"Electricidad Marcos Morales"},"image":{"@id":"https:\/\/electricidadmarcosmorales.com\/#\/schema\/logo\/image\/"},"sameAs":["https:\/\/www.facebook.com\/AMarcosMorales\/?locale=es_ES"]}]}},"_links":{"self":[{"href":"https:\/\/electricidadmarcosmorales.com\/en\/wp-json\/wp\/v2\/pages\/18341","targetHints":{"allow":["GET"]}}],"collection":[{"href":"https:\/\/electricidadmarcosmorales.com\/en\/wp-json\/wp\/v2\/pages"}],"about":[{"href":"https:\/\/electricidadmarcosmorales.com\/en\/wp-json\/wp\/v2\/types\/page"}],"author":[{"embeddable":true,"href":"https:\/\/electricidadmarcosmorales.com\/en\/wp-json\/wp\/v2\/users\/1"}],"replies":[{"embeddable":true,"href":"https:\/\/electricidadmarcosmorales.com\/en\/wp-json\/wp\/v2\/comments?post=18341"}],"version-history":[{"count":7,"href":"https:\/\/electricidadmarcosmorales.com\/en\/wp-json\/wp\/v2\/pages\/18341\/revisions"}],"predecessor-version":[{"id":18494,"href":"https:\/\/electricidadmarcosmorales.com\/en\/wp-json\/wp\/v2\/pages\/18341\/revisions\/18494"}],"wp:attachment":[{"href":"https:\/\/electricidadmarcosmorales.com\/en\/wp-json\/wp\/v2\/media?parent=18341"}],"curies":[{"name":"wp","href":"https:\/\/api.w.org\/{rel}","templated":true}]}}