{"id":15301,"date":"2024-05-27T03:56:03","date_gmt":"2024-05-27T03:56:03","guid":{"rendered":"https:\/\/demo.bravisthemes.com\/fixera\/services-handyman-copy\/"},"modified":"2025-07-15T08:43:25","modified_gmt":"2025-07-15T08:43:25","slug":"servicios","status":"publish","type":"page","link":"https:\/\/electricidadmarcosmorales.com\/en\/servicios\/","title":{"rendered":"Servicios"},"content":{"rendered":"<div data-elementor-type=\"wp-page\" data-elementor-id=\"15301\" class=\"elementor elementor-15301\">\n\t\t\t\t        <section class=\"elementor-section elementor-top-section elementor-element elementor-element-2aca4ce elementor-section-boxed elementor-section-height-default elementor-section-height-default pxl-type-header-none pxl-row-scroll-none\" data-id=\"2aca4ce\" data-element_type=\"section\" data-e-type=\"section\">\n\n                \n                <div class=\"elementor-container elementor-column-gap-default\">\n                <div class=\"elementor-column elementor-col-50 elementor-top-column elementor-element elementor-element-33d437f pxl-column-element-default pxl-column-none pxl-column-overflow-hidden-no\" data-id=\"33d437f\" data-element_type=\"column\" data-e-type=\"column\">\r\n        <div class=\"elementor-widget-wrap elementor-element-populated\">\r\n                     \r\n        \t\t<div class=\"elementor-element elementor-element-8914208 elementor-view-default elementor-position-block-start elementor-mobile-position-block-start elementor-widget elementor-widget-icon-box\" data-id=\"8914208\" data-element_type=\"widget\" data-e-type=\"widget\" data-widget_type=\"icon-box.default\">\n\t\t\t\t<div class=\"elementor-widget-container\">\n\t\t\t\t\t\t\t<div class=\"elementor-icon-box-wrapper\">\n\n\t\t\t\t\t\t<div class=\"elementor-icon-box-icon\">\n\t\t\t\t<span  class=\"elementor-icon\">\n\t\t\t\t<i aria-hidden=\"true\" class=\"far fa-tools\"><\/i>\t\t\t\t<\/span>\n\t\t\t<\/div>\n\t\t\t\n\t\t\t\t\t\t<div class=\"elementor-icon-box-content\">\n\n\t\t\t\t\t\t\t\t\t<h2 class=\"elementor-icon-box-title\">\n\t\t\t\t\t\t<span  >\n\t\t\t\t\t\t\tReforma de instalaci\u00f3n el\u00e9ctrica\t\t\t\t\t\t<\/span>\n\t\t\t\t\t<\/h2>\n\t\t\t\t\n\t\t\t\t\t\t\t\t\t<p class=\"elementor-icon-box-description\">\n\t\t\t\t\t\tActualizamos y modernizamos instalaciones el\u00e9ctricas en viviendas y locales comerciales, asegurando cumplimiento normativo, mayor seguridad, y eficiencia energ\u00e9tica. Ideal para adaptarse a nuevas necesidades o renovar instalaciones obsoletas.\t\t\t\t\t<\/p>\n\t\t\t\t\n\t\t\t<\/div>\n\t\t\t\n\t\t<\/div>\n\t\t\t\t\t\t<\/div>\n\t\t\t\t<\/div>\n\t\t            <\/div>\r\n        <\/div>\r\n                <div class=\"elementor-column elementor-col-50 elementor-top-column elementor-element elementor-element-61786b6 pxl-column-element-default pxl-column-none pxl-column-overflow-hidden-no\" data-id=\"61786b6\" data-element_type=\"column\" data-e-type=\"column\">\r\n        <div class=\"elementor-widget-wrap elementor-element-populated\">\r\n                     \r\n        \t\t<div class=\"elementor-element elementor-element-78f5e54 elementor-view-default elementor-position-block-start elementor-mobile-position-block-start elementor-widget elementor-widget-icon-box\" data-id=\"78f5e54\" data-element_type=\"widget\" data-e-type=\"widget\" data-widget_type=\"icon-box.default\">\n\t\t\t\t<div class=\"elementor-widget-container\">\n\t\t\t\t\t\t\t<div class=\"elementor-icon-box-wrapper\">\n\n\t\t\t\t\t\t<div class=\"elementor-icon-box-icon\">\n\t\t\t\t<span  class=\"elementor-icon\">\n\t\t\t\t<i aria-hidden=\"true\" class=\"far fa-plug\"><\/i>\t\t\t\t<\/span>\n\t\t\t<\/div>\n\t\t\t\n\t\t\t\t\t\t<div class=\"elementor-icon-box-content\">\n\n\t\t\t\t\t\t\t\t\t<h2 class=\"elementor-icon-box-title\">\n\t\t\t\t\t\t<span  >\n\t\t\t\t\t\t\tInstalaci\u00f3n de obra nueva\t\t\t\t\t\t<\/span>\n\t\t\t\t\t<\/h2>\n\t\t\t\t\n\t\t\t\t\t\t\t\t\t<p class=\"elementor-icon-box-description\">\n\t\t\t\t\t\tRealizamos instalaciones el\u00e9ctricas completas para viviendas y proyectos de obra nueva, con un dise\u00f1o a medida que garantiza funcionalidad, eficiencia, y cumplimiento de las normativas vigentes.\t\t\t\t\t<\/p>\n\t\t\t\t\n\t\t\t<\/div>\n\t\t\t\n\t\t<\/div>\n\t\t\t\t\t\t<\/div>\n\t\t\t\t<\/div>\n\t\t            <\/div>\r\n        <\/div>\r\n        \t\t\t<\/div>\n\t\t<\/section>\n\t\t        <section class=\"elementor-section elementor-top-section elementor-element elementor-element-c23acbe elementor-section-boxed elementor-section-height-default elementor-section-height-default pxl-type-header-none pxl-row-scroll-none\" data-id=\"c23acbe\" data-element_type=\"section\" data-e-type=\"section\">\n\n                \n                <div class=\"elementor-container elementor-column-gap-default\">\n                <div class=\"elementor-column elementor-col-50 elementor-top-column elementor-element elementor-element-b58d1da pxl-column-element-default pxl-column-none pxl-column-overflow-hidden-no\" data-id=\"b58d1da\" data-element_type=\"column\" data-e-type=\"column\">\r\n        <div class=\"elementor-widget-wrap elementor-element-populated\">\r\n                     \r\n        \t\t<div class=\"elementor-element elementor-element-2120eca elementor-view-default elementor-position-block-start elementor-mobile-position-block-start elementor-widget elementor-widget-icon-box\" data-id=\"2120eca\" data-element_type=\"widget\" data-e-type=\"widget\" data-widget_type=\"icon-box.default\">\n\t\t\t\t<div class=\"elementor-widget-container\">\n\t\t\t\t\t\t\t<div class=\"elementor-icon-box-wrapper\">\n\n\t\t\t\t\t\t<div class=\"elementor-icon-box-icon\">\n\t\t\t\t<span  class=\"elementor-icon\">\n\t\t\t\t<i aria-hidden=\"true\" class=\"fas fa-analytics\"><\/i>\t\t\t\t<\/span>\n\t\t\t<\/div>\n\t\t\t\n\t\t\t\t\t\t<div class=\"elementor-icon-box-content\">\n\n\t\t\t\t\t\t\t\t\t<h2 class=\"elementor-icon-box-title\">\n\t\t\t\t\t\t<span  >\n\t\t\t\t\t\t\tCambio de centralizaciones de contadores\t\t\t\t\t\t<\/span>\n\t\t\t\t\t<\/h2>\n\t\t\t\t\n\t\t\t\t\t\t\t\t\t<p class=\"elementor-icon-box-description\">\n\t\t\t\t\t\tRenovamos centralizaciones de contadores para garantizar un sistema el\u00e9ctrico seguro y eficiente, adaptado a los est\u00e1ndares actuales. Perfecto para comunidades de vecinos o edificios antiguos.\t\t\t\t\t<\/p>\n\t\t\t\t\n\t\t\t<\/div>\n\t\t\t\n\t\t<\/div>\n\t\t\t\t\t\t<\/div>\n\t\t\t\t<\/div>\n\t\t            <\/div>\r\n        <\/div>\r\n                <div class=\"elementor-column elementor-col-50 elementor-top-column elementor-element elementor-element-2c9dcb5 pxl-column-element-default pxl-column-none pxl-column-overflow-hidden-no\" data-id=\"2c9dcb5\" data-element_type=\"column\" data-e-type=\"column\">\r\n        <div class=\"elementor-widget-wrap elementor-element-populated\">\r\n                     \r\n        \t\t<div class=\"elementor-element elementor-element-ca6eb12 elementor-view-default elementor-position-block-start elementor-mobile-position-block-start elementor-widget elementor-widget-icon-box\" data-id=\"ca6eb12\" data-element_type=\"widget\" data-e-type=\"widget\" data-widget_type=\"icon-box.default\">\n\t\t\t\t<div class=\"elementor-widget-container\">\n\t\t\t\t\t\t\t<div class=\"elementor-icon-box-wrapper\">\n\n\t\t\t\t\t\t<div class=\"elementor-icon-box-icon\">\n\t\t\t\t<span  class=\"elementor-icon\">\n\t\t\t\t<i aria-hidden=\"true\" class=\"far fa-light-switch\"><\/i>\t\t\t\t<\/span>\n\t\t\t<\/div>\n\t\t\t\n\t\t\t\t\t\t<div class=\"elementor-icon-box-content\">\n\n\t\t\t\t\t\t\t\t\t<h2 class=\"elementor-icon-box-title\">\n\t\t\t\t\t\t<span  >\n\t\t\t\t\t\t\tAumentos de potencia\t\t\t\t\t\t<\/span>\n\t\t\t\t\t<\/h2>\n\t\t\t\t\n\t\t\t\t\t\t\t\t\t<p class=\"elementor-icon-box-description\">\n\t\t\t\t\t\tGestionamos y ejecutamos el aumento de potencia el\u00e9ctrica que necesitas para soportar el consumo de tus electrodom\u00e9sticos o equipos sin cortes ni problemas en tu instalaci\u00f3n.\t\t\t\t\t<\/p>\n\t\t\t\t\n\t\t\t<\/div>\n\t\t\t\n\t\t<\/div>\n\t\t\t\t\t\t<\/div>\n\t\t\t\t<\/div>\n\t\t            <\/div>\r\n        <\/div>\r\n        \t\t\t<\/div>\n\t\t<\/section>\n\t\t        <section class=\"elementor-section elementor-top-section elementor-element elementor-element-5beffa7 elementor-section-boxed elementor-section-height-default elementor-section-height-default pxl-type-header-none pxl-row-scroll-none\" data-id=\"5beffa7\" data-element_type=\"section\" data-e-type=\"section\">\n\n                \n                <div class=\"elementor-container elementor-column-gap-default\">\n                <div class=\"elementor-column elementor-col-50 elementor-top-column elementor-element elementor-element-06c04d6 pxl-column-element-default pxl-column-none pxl-column-overflow-hidden-no\" data-id=\"06c04d6\" data-element_type=\"column\" data-e-type=\"column\">\r\n        <div class=\"elementor-widget-wrap elementor-element-populated\">\r\n                     \r\n        \t\t<div class=\"elementor-element elementor-element-3e0e2ef elementor-view-default elementor-position-block-start elementor-mobile-position-block-start elementor-widget elementor-widget-icon-box\" data-id=\"3e0e2ef\" data-element_type=\"widget\" data-e-type=\"widget\" data-widget_type=\"icon-box.default\">\n\t\t\t\t<div class=\"elementor-widget-container\">\n\t\t\t\t\t\t\t<div class=\"elementor-icon-box-wrapper\">\n\n\t\t\t\t\t\t<div class=\"elementor-icon-box-icon\">\n\t\t\t\t<span  class=\"elementor-icon\">\n\t\t\t\t<i aria-hidden=\"true\" class=\"far fa-file-alt\"><\/i>\t\t\t\t<\/span>\n\t\t\t<\/div>\n\t\t\t\n\t\t\t\t\t\t<div class=\"elementor-icon-box-content\">\n\n\t\t\t\t\t\t\t\t\t<h2 class=\"elementor-icon-box-title\">\n\t\t\t\t\t\t<span  >\n\t\t\t\t\t\t\tBoletines de instalaci\u00f3n el\u00e9ctrica\t\t\t\t\t\t<\/span>\n\t\t\t\t\t<\/h2>\n\t\t\t\t\n\t\t\t\t\t\t\t\t\t<p class=\"elementor-icon-box-description\">\n\t\t\t\t\t\tEmitimos el bolet\u00edn el\u00e9ctrico necesario para alta de suministro, aumentos de potencia o reformas. Garantizamos rapidez y cumplimiento de las normativas vigentes.\t\t\t\t\t<\/p>\n\t\t\t\t\n\t\t\t<\/div>\n\t\t\t\n\t\t<\/div>\n\t\t\t\t\t\t<\/div>\n\t\t\t\t<\/div>\n\t\t            <\/div>\r\n        <\/div>\r\n                <div class=\"elementor-column elementor-col-50 elementor-top-column elementor-element elementor-element-a4e4f38 pxl-column-element-default pxl-column-none pxl-column-overflow-hidden-no\" data-id=\"a4e4f38\" data-element_type=\"column\" data-e-type=\"column\">\r\n        <div class=\"elementor-widget-wrap elementor-element-populated\">\r\n                     \r\n        \t\t<div class=\"elementor-element elementor-element-49c3f91 elementor-view-default elementor-position-block-start elementor-mobile-position-block-start elementor-widget elementor-widget-icon-box\" data-id=\"49c3f91\" data-element_type=\"widget\" data-e-type=\"widget\" data-widget_type=\"icon-box.default\">\n\t\t\t\t<div class=\"elementor-widget-container\">\n\t\t\t\t\t\t\t<div class=\"elementor-icon-box-wrapper\">\n\n\t\t\t\t\t\t<div class=\"elementor-icon-box-icon\">\n\t\t\t\t<span  class=\"elementor-icon\">\n\t\t\t\t<i aria-hidden=\"true\" class=\"far fa-lightbulb-on\"><\/i>\t\t\t\t<\/span>\n\t\t\t<\/div>\n\t\t\t\n\t\t\t\t\t\t<div class=\"elementor-icon-box-content\">\n\n\t\t\t\t\t\t\t\t\t<h2 class=\"elementor-icon-box-title\">\n\t\t\t\t\t\t<span  >\n\t\t\t\t\t\t\tInstalaci\u00f3n de iluminaci\u00f3n led\t\t\t\t\t\t<\/span>\n\t\t\t\t\t<\/h2>\n\t\t\t\t\n\t\t\t\t\t\t\t\t\t<p class=\"elementor-icon-box-description\">\n\t\t\t\t\t\tTransformamos tus espacios con iluminaci\u00f3n LED eficiente y duradera. Dise\u00f1amos soluciones a medida que reducen el consumo energ\u00e9tico y crean ambientes agradables y modernos.\t\t\t\t\t<\/p>\n\t\t\t\t\n\t\t\t<\/div>\n\t\t\t\n\t\t<\/div>\n\t\t\t\t\t\t<\/div>\n\t\t\t\t<\/div>\n\t\t            <\/div>\r\n        <\/div>\r\n        \t\t\t<\/div>\n\t\t<\/section>\n\t\t        <section class=\"elementor-section elementor-top-section elementor-element elementor-element-34929cc elementor-section-boxed elementor-section-height-default elementor-section-height-default pxl-type-header-none pxl-row-scroll-none\" data-id=\"34929cc\" data-element_type=\"section\" data-e-type=\"section\">\n\n                \n                <div class=\"elementor-container elementor-column-gap-default\">\n                <div class=\"elementor-column elementor-col-50 elementor-top-column elementor-element elementor-element-a6932a2 pxl-column-element-default pxl-column-none pxl-column-overflow-hidden-no\" data-id=\"a6932a2\" data-element_type=\"column\" data-e-type=\"column\">\r\n        <div class=\"elementor-widget-wrap elementor-element-populated\">\r\n                     \r\n        \t\t<div class=\"elementor-element elementor-element-fa65c7b elementor-view-default elementor-position-block-start elementor-mobile-position-block-start elementor-widget elementor-widget-icon-box\" data-id=\"fa65c7b\" data-element_type=\"widget\" data-e-type=\"widget\" data-widget_type=\"icon-box.default\">\n\t\t\t\t<div class=\"elementor-widget-container\">\n\t\t\t\t\t\t\t<div class=\"elementor-icon-box-wrapper\">\n\n\t\t\t\t\t\t<div class=\"elementor-icon-box-icon\">\n\t\t\t\t<span  class=\"elementor-icon\">\n\t\t\t\t<i aria-hidden=\"true\" class=\"far fa-phone-office\"><\/i>\t\t\t\t<\/span>\n\t\t\t<\/div>\n\t\t\t\n\t\t\t\t\t\t<div class=\"elementor-icon-box-content\">\n\n\t\t\t\t\t\t\t\t\t<h2 class=\"elementor-icon-box-title\">\n\t\t\t\t\t\t<span  >\n\t\t\t\t\t\t\tPorteros autom\u00e1ticos y videoporteros\t\t\t\t\t\t<\/span>\n\t\t\t\t\t<\/h2>\n\t\t\t\t\n\t\t\t\t\t\t\t\t\t<p class=\"elementor-icon-box-description\">\n\t\t\t\t\t\tInstalamos y reparamos sistemas de porteros autom\u00e1ticos y videoporteros para mayor comodidad y seguridad en tu vivienda o comunidad. Sistemas modernos y adaptados a tus necesidades.\t\t\t\t\t<\/p>\n\t\t\t\t\n\t\t\t<\/div>\n\t\t\t\n\t\t<\/div>\n\t\t\t\t\t\t<\/div>\n\t\t\t\t<\/div>\n\t\t            <\/div>\r\n        <\/div>\r\n                <div class=\"elementor-column elementor-col-50 elementor-top-column elementor-element elementor-element-ef7ed5a pxl-column-element-default pxl-column-none pxl-column-overflow-hidden-no\" data-id=\"ef7ed5a\" data-element_type=\"column\" data-e-type=\"column\">\r\n        <div class=\"elementor-widget-wrap elementor-element-populated\">\r\n                     \r\n        \t\t<div class=\"elementor-element elementor-element-74e68a8 elementor-view-default elementor-position-block-start elementor-mobile-position-block-start elementor-widget elementor-widget-icon-box\" data-id=\"74e68a8\" data-element_type=\"widget\" data-e-type=\"widget\" data-widget_type=\"icon-box.default\">\n\t\t\t\t<div class=\"elementor-widget-container\">\n\t\t\t\t\t\t\t<div class=\"elementor-icon-box-wrapper\">\n\n\t\t\t\t\t\t<div class=\"elementor-icon-box-icon\">\n\t\t\t\t<span  class=\"elementor-icon\">\n\t\t\t\t<i aria-hidden=\"true\" class=\"far fa-charging-station\"><\/i>\t\t\t\t<\/span>\n\t\t\t<\/div>\n\t\t\t\n\t\t\t\t\t\t<div class=\"elementor-icon-box-content\">\n\n\t\t\t\t\t\t\t\t\t<h2 class=\"elementor-icon-box-title\">\n\t\t\t\t\t\t<span  >\n\t\t\t\t\t\t\tInstalaci\u00f3n de punto de recarga para coche el\u00e9ctrico\t\t\t\t\t\t<\/span>\n\t\t\t\t\t<\/h2>\n\t\t\t\t\n\t\t\t\t\t\t\t\t\t<p class=\"elementor-icon-box-description\">\n\t\t\t\t\t\tPreparamos tu hogar o negocio para la movilidad sostenible con puntos de recarga para veh\u00edculos el\u00e9ctricos. Ofrecemos instalaciones seguras, certificadas y adaptadas a cada cliente.\t\t\t\t\t<\/p>\n\t\t\t\t\n\t\t\t<\/div>\n\t\t\t\n\t\t<\/div>\n\t\t\t\t\t\t<\/div>\n\t\t\t\t<\/div>\n\t\t            <\/div>\r\n        <\/div>\r\n        \t\t\t<\/div>\n\t\t<\/section>\n\t\t\t\t<\/div>","protected":false},"excerpt":{"rendered":"<p>Reforma de instalaci\u00f3n el\u00e9ctrica Actualizamos y modernizamos instalaciones el\u00e9ctricas en viviendas y locales comerciales, asegurando cumplimiento normativo, mayor seguridad, y eficiencia energ\u00e9tica. Ideal para adaptarse a nuevas necesidades o renovar instalaciones obsoletas. Instalaci\u00f3n de obra nueva Realizamos instalaciones el\u00e9ctricas completas para viviendas y proyectos de obra nueva, con un dise\u00f1o a medida que garantiza funcionalidad, [&hellip;]<\/p>\n","protected":false},"author":1,"featured_media":0,"parent":0,"menu_order":0,"comment_status":"closed","ping_status":"closed","template":"","meta":{"footnotes":""},"class_list":["post-15301","page","type-page","status-publish","hentry"],"yoast_head":"<!-- This site is optimized with the Yoast SEO plugin v27.2 - https:\/\/yoast.com\/product\/yoast-seo-wordpress\/ -->\n<title>Servicios - Electricidad Marcos Morales<\/title>\n<meta name=\"robots\" content=\"index, follow, max-snippet:-1, max-image-preview:large, max-video-preview:-1\" \/>\n<link rel=\"canonical\" href=\"https:\/\/electricidadmarcosmorales.com\/en\/servicios\/\" \/>\n<meta property=\"og:locale\" content=\"en_GB\" \/>\n<meta property=\"og:type\" content=\"article\" \/>\n<meta property=\"og:title\" content=\"Servicios - Electricidad Marcos Morales\" \/>\n<meta property=\"og:description\" content=\"Reforma de instalaci\u00f3n el\u00e9ctrica Actualizamos y modernizamos instalaciones el\u00e9ctricas en viviendas y locales comerciales, asegurando cumplimiento normativo, mayor seguridad, y eficiencia energ\u00e9tica. Ideal para adaptarse a nuevas necesidades o renovar instalaciones obsoletas. Instalaci\u00f3n de obra nueva Realizamos instalaciones el\u00e9ctricas completas para viviendas y proyectos de obra nueva, con un dise\u00f1o a medida que garantiza funcionalidad, [&hellip;]\" \/>\n<meta property=\"og:url\" content=\"https:\/\/electricidadmarcosmorales.com\/en\/servicios\/\" \/>\n<meta property=\"og:site_name\" content=\"Electricidad Marcos Morales\" \/>\n<meta property=\"article:publisher\" content=\"https:\/\/www.facebook.com\/AMarcosMorales\/?locale=es_ES\" \/>\n<meta property=\"article:modified_time\" content=\"2025-07-15T08:43:25+00:00\" \/>\n<meta name=\"twitter:card\" content=\"summary_large_image\" \/>\n<script type=\"application\/ld+json\" class=\"yoast-schema-graph\">{\"@context\":\"https:\/\/schema.org\",\"@graph\":[{\"@type\":\"WebPage\",\"@id\":\"https:\/\/electricidadmarcosmorales.com\/servicios\/\",\"url\":\"https:\/\/electricidadmarcosmorales.com\/servicios\/\",\"name\":\"Servicios - Electricidad Marcos Morales\",\"isPartOf\":{\"@id\":\"https:\/\/electricidadmarcosmorales.com\/#website\"},\"datePublished\":\"2024-05-27T03:56:03+00:00\",\"dateModified\":\"2025-07-15T08:43:25+00:00\",\"breadcrumb\":{\"@id\":\"https:\/\/electricidadmarcosmorales.com\/servicios\/#breadcrumb\"},\"inLanguage\":\"en-GB\",\"potentialAction\":[{\"@type\":\"ReadAction\",\"target\":[\"https:\/\/electricidadmarcosmorales.com\/servicios\/\"]}]},{\"@type\":\"BreadcrumbList\",\"@id\":\"https:\/\/electricidadmarcosmorales.com\/servicios\/#breadcrumb\",\"itemListElement\":[{\"@type\":\"ListItem\",\"position\":1,\"name\":\"Portada\",\"item\":\"https:\/\/electricidadmarcosmorales.com\/\"},{\"@type\":\"ListItem\",\"position\":2,\"name\":\"Servicios\"}]},{\"@type\":\"WebSite\",\"@id\":\"https:\/\/electricidadmarcosmorales.com\/#website\",\"url\":\"https:\/\/electricidadmarcosmorales.com\/\",\"name\":\"Electricidad Marcos Morales\",\"description\":\"\",\"publisher\":{\"@id\":\"https:\/\/electricidadmarcosmorales.com\/#organization\"},\"potentialAction\":[{\"@type\":\"SearchAction\",\"target\":{\"@type\":\"EntryPoint\",\"urlTemplate\":\"https:\/\/electricidadmarcosmorales.com\/?s={search_term_string}\"},\"query-input\":{\"@type\":\"PropertyValueSpecification\",\"valueRequired\":true,\"valueName\":\"search_term_string\"}}],\"inLanguage\":\"en-GB\"},{\"@type\":\"Organization\",\"@id\":\"https:\/\/electricidadmarcosmorales.com\/#organization\",\"name\":\"Electricidad Marcos Morales\",\"url\":\"https:\/\/electricidadmarcosmorales.com\/\",\"logo\":{\"@type\":\"ImageObject\",\"inLanguage\":\"en-GB\",\"@id\":\"https:\/\/electricidadmarcosmorales.com\/#\/schema\/logo\/image\/\",\"url\":\"https:\/\/electricidadmarcosmorales.com\/wp-content\/uploads\/2024\/05\/logoamm.png\",\"contentUrl\":\"https:\/\/electricidadmarcosmorales.com\/wp-content\/uploads\/2024\/05\/logoamm.png\",\"width\":250,\"height\":120,\"caption\":\"Electricidad Marcos Morales\"},\"image\":{\"@id\":\"https:\/\/electricidadmarcosmorales.com\/#\/schema\/logo\/image\/\"},\"sameAs\":[\"https:\/\/www.facebook.com\/AMarcosMorales\/?locale=es_ES\"]}]}<\/script>\n<!-- \/ Yoast SEO plugin. -->","yoast_head_json":{"title":"Servicios - Electricidad Marcos Morales","robots":{"index":"index","follow":"follow","max-snippet":"max-snippet:-1","max-image-preview":"max-image-preview:large","max-video-preview":"max-video-preview:-1"},"canonical":"https:\/\/electricidadmarcosmorales.com\/en\/servicios\/","og_locale":"en_GB","og_type":"article","og_title":"Servicios - Electricidad Marcos Morales","og_description":"Reforma de instalaci\u00f3n el\u00e9ctrica Actualizamos y modernizamos instalaciones el\u00e9ctricas en viviendas y locales comerciales, asegurando cumplimiento normativo, mayor seguridad, y eficiencia energ\u00e9tica. Ideal para adaptarse a nuevas necesidades o renovar instalaciones obsoletas. Instalaci\u00f3n de obra nueva Realizamos instalaciones el\u00e9ctricas completas para viviendas y proyectos de obra nueva, con un dise\u00f1o a medida que garantiza funcionalidad, [&hellip;]","og_url":"https:\/\/electricidadmarcosmorales.com\/en\/servicios\/","og_site_name":"Electricidad Marcos Morales","article_publisher":"https:\/\/www.facebook.com\/AMarcosMorales\/?locale=es_ES","article_modified_time":"2025-07-15T08:43:25+00:00","twitter_card":"summary_large_image","schema":{"@context":"https:\/\/schema.org","@graph":[{"@type":"WebPage","@id":"https:\/\/electricidadmarcosmorales.com\/servicios\/","url":"https:\/\/electricidadmarcosmorales.com\/servicios\/","name":"Servicios - Electricidad Marcos Morales","isPartOf":{"@id":"https:\/\/electricidadmarcosmorales.com\/#website"},"datePublished":"2024-05-27T03:56:03+00:00","dateModified":"2025-07-15T08:43:25+00:00","breadcrumb":{"@id":"https:\/\/electricidadmarcosmorales.com\/servicios\/#breadcrumb"},"inLanguage":"en-GB","potentialAction":[{"@type":"ReadAction","target":["https:\/\/electricidadmarcosmorales.com\/servicios\/"]}]},{"@type":"BreadcrumbList","@id":"https:\/\/electricidadmarcosmorales.com\/servicios\/#breadcrumb","itemListElement":[{"@type":"ListItem","position":1,"name":"Portada","item":"https:\/\/electricidadmarcosmorales.com\/"},{"@type":"ListItem","position":2,"name":"Servicios"}]},{"@type":"WebSite","@id":"https:\/\/electricidadmarcosmorales.com\/#website","url":"https:\/\/electricidadmarcosmorales.com\/","name":"Electricidad Marcos Morales","description":"","publisher":{"@id":"https:\/\/electricidadmarcosmorales.com\/#organization"},"potentialAction":[{"@type":"SearchAction","target":{"@type":"EntryPoint","urlTemplate":"https:\/\/electricidadmarcosmorales.com\/?s={search_term_string}"},"query-input":{"@type":"PropertyValueSpecification","valueRequired":true,"valueName":"search_term_string"}}],"inLanguage":"en-GB"},{"@type":"Organization","@id":"https:\/\/electricidadmarcosmorales.com\/#organization","name":"Electricidad Marcos Morales","url":"https:\/\/electricidadmarcosmorales.com\/","logo":{"@type":"ImageObject","inLanguage":"en-GB","@id":"https:\/\/electricidadmarcosmorales.com\/#\/schema\/logo\/image\/","url":"https:\/\/electricidadmarcosmorales.com\/wp-content\/uploads\/2024\/05\/logoamm.png","contentUrl":"https:\/\/electricidadmarcosmorales.com\/wp-content\/uploads\/2024\/05\/logoamm.png","width":250,"height":120,"caption":"Electricidad Marcos Morales"},"image":{"@id":"https:\/\/electricidadmarcosmorales.com\/#\/schema\/logo\/image\/"},"sameAs":["https:\/\/www.facebook.com\/AMarcosMorales\/?locale=es_ES"]}]}},"_links":{"self":[{"href":"https:\/\/electricidadmarcosmorales.com\/en\/wp-json\/wp\/v2\/pages\/15301","targetHints":{"allow":["GET"]}}],"collection":[{"href":"https:\/\/electricidadmarcosmorales.com\/en\/wp-json\/wp\/v2\/pages"}],"about":[{"href":"https:\/\/electricidadmarcosmorales.com\/en\/wp-json\/wp\/v2\/types\/page"}],"author":[{"embeddable":true,"href":"https:\/\/electricidadmarcosmorales.com\/en\/wp-json\/wp\/v2\/users\/1"}],"replies":[{"embeddable":true,"href":"https:\/\/electricidadmarcosmorales.com\/en\/wp-json\/wp\/v2\/comments?post=15301"}],"version-history":[{"count":31,"href":"https:\/\/electricidadmarcosmorales.com\/en\/wp-json\/wp\/v2\/pages\/15301\/revisions"}],"predecessor-version":[{"id":18664,"href":"https:\/\/electricidadmarcosmorales.com\/en\/wp-json\/wp\/v2\/pages\/15301\/revisions\/18664"}],"wp:attachment":[{"href":"https:\/\/electricidadmarcosmorales.com\/en\/wp-json\/wp\/v2\/media?parent=15301"}],"curies":[{"name":"wp","href":"https:\/\/api.w.org\/{rel}","templated":true}]}}